{"id":1906,"date":"2021-11-20T01:21:11","date_gmt":"2021-11-20T01:21:11","guid":{"rendered":"https:\/\/www.negociocloud.com\/clientes\/disemsa\/?post_type=product&#038;p=1906"},"modified":"2021-12-22T18:48:58","modified_gmt":"2021-12-22T18:48:58","slug":"cintas-de-senalizacion","status":"publish","type":"product","link":"https:\/\/www.negociocloud.com\/clientes\/disemsa\/producto\/cintas-de-senalizacion\/","title":{"rendered":"CINTAS  DE SE\u00d1ALIZACI\u00d3N"},"content":{"rendered":"<p><strong>Cinta amarilla brillante de precauci\u00f3n 3 x 1000 impresa en negro contrastante<\/strong><\/p>\n<p>Esta cinta duradera y ligera est\u00e1 hecha de polietileno B-912 brillante y no adhesivo para advertencias en el lugar de posibles peligros.<\/p>\n","protected":false},"excerpt":{"rendered":"<p>PROTECCI\u00d3N PARA CADA ESPACIO DE TRABAJO<\/p>\n","protected":false},"featured_media":1907,"comment_status":"open","ping_status":"closed","template":"","meta":[],"product_cat":[38,27,28],"product_tag":[],"yoast_head":"<!-- This site is optimized with the Yoast SEO plugin v17.2 - https:\/\/yoast.com\/wordpress\/plugins\/seo\/ -->\n<title>CINTAS DE SE\u00d1ALIZACI\u00d3N - Disemsa<\/title>\n<meta name=\"robots\" content=\"index, follow, max-snippet:-1, max-image-preview:large, max-video-preview:-1\" \/>\n<link rel=\"canonical\" href=\"https:\/\/www.negociocloud.com\/clientes\/disemsa\/producto\/cintas-de-senalizacion\/\" \/>\n<meta property=\"og:locale\" content=\"es_ES\" \/>\n<meta property=\"og:type\" content=\"article\" \/>\n<meta property=\"og:title\" content=\"CINTAS DE SE\u00d1ALIZACI\u00d3N - Disemsa\" \/>\n<meta property=\"og:description\" content=\"PROTECCI\u00d3N PARA CADA ESPACIO DE TRABAJO\" \/>\n<meta property=\"og:url\" content=\"https:\/\/www.negociocloud.com\/clientes\/disemsa\/producto\/cintas-de-senalizacion\/\" \/>\n<meta property=\"og:site_name\" content=\"Disemsa\" \/>\n<meta property=\"article:modified_time\" content=\"2021-12-22T18:48:58+00:00\" \/>\n<meta property=\"og:image\" content=\"https:\/\/www.negociocloud.com\/clientes\/disemsa\/wp-content\/uploads\/2021\/11\/CautionC.png\" \/>\n\t<meta property=\"og:image:width\" content=\"500\" \/>\n\t<meta property=\"og:image:height\" content=\"478\" \/>\n<meta name=\"twitter:card\" content=\"summary_large_image\" \/>\n<meta name=\"twitter:label1\" content=\"Tiempo de lectura\" \/>\n\t<meta name=\"twitter:data1\" content=\"1 minuto\" \/>\n<script type=\"application\/ld+json\" class=\"yoast-schema-graph\">{\"@context\":\"https:\/\/schema.org\",\"@graph\":[{\"@type\":\"WebSite\",\"@id\":\"https:\/\/www.negociocloud.com\/clientes\/disemsa\/#website\",\"url\":\"https:\/\/www.negociocloud.com\/clientes\/disemsa\/\",\"name\":\"Disemsa\",\"description\":\"\",\"potentialAction\":[{\"@type\":\"SearchAction\",\"target\":{\"@type\":\"EntryPoint\",\"urlTemplate\":\"https:\/\/www.negociocloud.com\/clientes\/disemsa\/?s={search_term_string}\"},\"query-input\":\"required name=search_term_string\"}],\"inLanguage\":\"es\"},{\"@type\":\"ImageObject\",\"@id\":\"https:\/\/www.negociocloud.com\/clientes\/disemsa\/producto\/cintas-de-senalizacion\/#primaryimage\",\"inLanguage\":\"es\",\"url\":\"https:\/\/www.negociocloud.com\/clientes\/disemsa\/wp-content\/uploads\/2021\/11\/CautionC.png\",\"contentUrl\":\"https:\/\/www.negociocloud.com\/clientes\/disemsa\/wp-content\/uploads\/2021\/11\/CautionC.png\",\"width\":500,\"height\":478},{\"@type\":\"WebPage\",\"@id\":\"https:\/\/www.negociocloud.com\/clientes\/disemsa\/producto\/cintas-de-senalizacion\/#webpage\",\"url\":\"https:\/\/www.negociocloud.com\/clientes\/disemsa\/producto\/cintas-de-senalizacion\/\",\"name\":\"CINTAS DE SE\\u00d1ALIZACI\\u00d3N - Disemsa\",\"isPartOf\":{\"@id\":\"https:\/\/www.negociocloud.com\/clientes\/disemsa\/#website\"},\"primaryImageOfPage\":{\"@id\":\"https:\/\/www.negociocloud.com\/clientes\/disemsa\/producto\/cintas-de-senalizacion\/#primaryimage\"},\"datePublished\":\"2021-11-20T01:21:11+00:00\",\"dateModified\":\"2021-12-22T18:48:58+00:00\",\"breadcrumb\":{\"@id\":\"https:\/\/www.negociocloud.com\/clientes\/disemsa\/producto\/cintas-de-senalizacion\/#breadcrumb\"},\"inLanguage\":\"es\",\"potentialAction\":[{\"@type\":\"ReadAction\",\"target\":[\"https:\/\/www.negociocloud.com\/clientes\/disemsa\/producto\/cintas-de-senalizacion\/\"]}]},{\"@type\":\"BreadcrumbList\",\"@id\":\"https:\/\/www.negociocloud.com\/clientes\/disemsa\/producto\/cintas-de-senalizacion\/#breadcrumb\",\"itemListElement\":[{\"@type\":\"ListItem\",\"position\":1,\"name\":\"Portada\",\"item\":\"https:\/\/www.negociocloud.com\/clientes\/disemsa\/\"},{\"@type\":\"ListItem\",\"position\":2,\"name\":\"Tienda\",\"item\":\"https:\/\/www.negociocloud.com\/clientes\/disemsa\/?page_id=7\"},{\"@type\":\"ListItem\",\"position\":3,\"name\":\"CINTAS DE SE\\u00d1ALIZACI\\u00d3N\"}]}]}<\/script>\n<!-- \/ Yoast SEO plugin. -->","yoast_head_json":{"title":"CINTAS DE SE\u00d1ALIZACI\u00d3N - Disemsa","robots":{"index":"index","follow":"follow","max-snippet":"max-snippet:-1","max-image-preview":"max-image-preview:large","max-video-preview":"max-video-preview:-1"},"canonical":"https:\/\/www.negociocloud.com\/clientes\/disemsa\/producto\/cintas-de-senalizacion\/","og_locale":"es_ES","og_type":"article","og_title":"CINTAS DE SE\u00d1ALIZACI\u00d3N - Disemsa","og_description":"PROTECCI\u00d3N PARA CADA ESPACIO DE TRABAJO","og_url":"https:\/\/www.negociocloud.com\/clientes\/disemsa\/producto\/cintas-de-senalizacion\/","og_site_name":"Disemsa","article_modified_time":"2021-12-22T18:48:58+00:00","og_image":[{"width":500,"height":478,"url":"https:\/\/www.negociocloud.com\/clientes\/disemsa\/wp-content\/uploads\/2021\/11\/CautionC.png","path":"\/home\/ubp33c9ebecr\/public_html\/clientes\/disemsa\/wp-content\/uploads\/2021\/11\/CautionC.png","size":"full","id":1907,"alt":"","pixels":239000,"type":"image\/png"}],"twitter_card":"summary_large_image","twitter_misc":{"Tiempo de lectura":"1 minuto"},"schema":{"@context":"https:\/\/schema.org","@graph":[{"@type":"WebSite","@id":"https:\/\/www.negociocloud.com\/clientes\/disemsa\/#website","url":"https:\/\/www.negociocloud.com\/clientes\/disemsa\/","name":"Disemsa","description":"","potentialAction":[{"@type":"SearchAction","target":{"@type":"EntryPoint","urlTemplate":"https:\/\/www.negociocloud.com\/clientes\/disemsa\/?s={search_term_string}"},"query-input":"required name=search_term_string"}],"inLanguage":"es"},{"@type":"ImageObject","@id":"https:\/\/www.negociocloud.com\/clientes\/disemsa\/producto\/cintas-de-senalizacion\/#primaryimage","inLanguage":"es","url":"https:\/\/www.negociocloud.com\/clientes\/disemsa\/wp-content\/uploads\/2021\/11\/CautionC.png","contentUrl":"https:\/\/www.negociocloud.com\/clientes\/disemsa\/wp-content\/uploads\/2021\/11\/CautionC.png","width":500,"height":478},{"@type":"WebPage","@id":"https:\/\/www.negociocloud.com\/clientes\/disemsa\/producto\/cintas-de-senalizacion\/#webpage","url":"https:\/\/www.negociocloud.com\/clientes\/disemsa\/producto\/cintas-de-senalizacion\/","name":"CINTAS DE SE\u00d1ALIZACI\u00d3N - Disemsa","isPartOf":{"@id":"https:\/\/www.negociocloud.com\/clientes\/disemsa\/#website"},"primaryImageOfPage":{"@id":"https:\/\/www.negociocloud.com\/clientes\/disemsa\/producto\/cintas-de-senalizacion\/#primaryimage"},"datePublished":"2021-11-20T01:21:11+00:00","dateModified":"2021-12-22T18:48:58+00:00","breadcrumb":{"@id":"https:\/\/www.negociocloud.com\/clientes\/disemsa\/producto\/cintas-de-senalizacion\/#breadcrumb"},"inLanguage":"es","potentialAction":[{"@type":"ReadAction","target":["https:\/\/www.negociocloud.com\/clientes\/disemsa\/producto\/cintas-de-senalizacion\/"]}]},{"@type":"BreadcrumbList","@id":"https:\/\/www.negociocloud.com\/clientes\/disemsa\/producto\/cintas-de-senalizacion\/#breadcrumb","itemListElement":[{"@type":"ListItem","position":1,"name":"Portada","item":"https:\/\/www.negociocloud.com\/clientes\/disemsa\/"},{"@type":"ListItem","position":2,"name":"Tienda","item":"https:\/\/www.negociocloud.com\/clientes\/disemsa\/?page_id=7"},{"@type":"ListItem","position":3,"name":"CINTAS DE SE\u00d1ALIZACI\u00d3N"}]}]}},"_links":{"self":[{"href":"https:\/\/www.negociocloud.com\/clientes\/disemsa\/wp-json\/wp\/v2\/product\/1906"}],"collection":[{"href":"https:\/\/www.negociocloud.com\/clientes\/disemsa\/wp-json\/wp\/v2\/product"}],"about":[{"href":"https:\/\/www.negociocloud.com\/clientes\/disemsa\/wp-json\/wp\/v2\/types\/product"}],"replies":[{"embeddable":true,"href":"https:\/\/www.negociocloud.com\/clientes\/disemsa\/wp-json\/wp\/v2\/comments?post=1906"}],"wp:featuredmedia":[{"embeddable":true,"href":"https:\/\/www.negociocloud.com\/clientes\/disemsa\/wp-json\/wp\/v2\/media\/1907"}],"wp:attachment":[{"href":"https:\/\/www.negociocloud.com\/clientes\/disemsa\/wp-json\/wp\/v2\/media?parent=1906"}],"wp:term":[{"taxonomy":"product_cat","embeddable":true,"href":"https:\/\/www.negociocloud.com\/clientes\/disemsa\/wp-json\/wp\/v2\/product_cat?post=1906"},{"taxonomy":"product_tag","embeddable":true,"href":"https:\/\/www.negociocloud.com\/clientes\/disemsa\/wp-json\/wp\/v2\/product_tag?post=1906"}],"curies":[{"name":"wp","href":"https:\/\/api.w.org\/{rel}","templated":true}]}}