{"id":1909,"date":"2021-11-20T01:53:49","date_gmt":"2021-11-20T01:53:49","guid":{"rendered":"https:\/\/www.negociocloud.com\/clientes\/disemsa\/?post_type=product&#038;p=1909"},"modified":"2022-11-01T03:01:11","modified_gmt":"2022-11-01T03:01:11","slug":"cintas-autoadhesivas-industriales","status":"publish","type":"product","link":"https:\/\/www.negociocloud.com\/clientes\/disemsa\/producto\/cintas-autoadhesivas-industriales\/","title":{"rendered":"CINTAS AUTOADHESIVAS INDUSTRIALES"},"content":{"rendered":"<p>Cinta adhesiva marca SEALPAK, dise\u00f1ada para uso en los ambientes de mayor exigencia, con resistencia tanto a altas como bajas temperaturas, y un nivel se adhesi\u00f3n sin paralelo en el mercado. Garantizado el sellado y asegurando el traslado eficiente y seguro de sus productos. Contamos con presentaciones manuales y autom\u00e1ticas para aplicaci\u00f3n por medio de m\u00e1quinas selladoras.<\/p>\n","protected":false},"excerpt":{"rendered":"<p>AL MOMENTO DE ASEGURAR SUS PRODUCTOS<\/p>\n","protected":false},"featured_media":2807,"comment_status":"open","ping_status":"closed","template":"","meta":[],"product_cat":[38,27,28],"product_tag":[],"yoast_head":"<!-- This site is optimized with the Yoast SEO plugin v17.2 - https:\/\/yoast.com\/wordpress\/plugins\/seo\/ -->\n<title>CINTAS AUTOADHESIVAS INDUSTRIALES - Disemsa<\/title>\n<meta name=\"robots\" content=\"index, follow, max-snippet:-1, max-image-preview:large, max-video-preview:-1\" \/>\n<link rel=\"canonical\" href=\"https:\/\/www.negociocloud.com\/clientes\/disemsa\/producto\/cintas-autoadhesivas-industriales\/\" \/>\n<meta property=\"og:locale\" content=\"es_ES\" \/>\n<meta property=\"og:type\" content=\"article\" \/>\n<meta property=\"og:title\" content=\"CINTAS AUTOADHESIVAS INDUSTRIALES - Disemsa\" \/>\n<meta property=\"og:description\" content=\"AL MOMENTO DE ASEGURAR SUS PRODUCTOS\" \/>\n<meta property=\"og:url\" content=\"https:\/\/www.negociocloud.com\/clientes\/disemsa\/producto\/cintas-autoadhesivas-industriales\/\" \/>\n<meta property=\"og:site_name\" content=\"Disemsa\" \/>\n<meta property=\"article:modified_time\" content=\"2022-11-01T03:01:11+00:00\" \/>\n<meta property=\"og:image\" content=\"https:\/\/www.negociocloud.com\/clientes\/disemsa\/wp-content\/uploads\/2021\/11\/DSC_0138-1.jpg\" \/>\n\t<meta property=\"og:image:width\" content=\"1095\" \/>\n\t<meta property=\"og:image:height\" content=\"939\" \/>\n<meta name=\"twitter:card\" content=\"summary_large_image\" \/>\n<meta name=\"twitter:label1\" content=\"Tiempo de lectura\" \/>\n\t<meta name=\"twitter:data1\" content=\"1 minuto\" \/>\n<script type=\"application\/ld+json\" class=\"yoast-schema-graph\">{\"@context\":\"https:\/\/schema.org\",\"@graph\":[{\"@type\":\"WebSite\",\"@id\":\"https:\/\/www.negociocloud.com\/clientes\/disemsa\/#website\",\"url\":\"https:\/\/www.negociocloud.com\/clientes\/disemsa\/\",\"name\":\"Disemsa\",\"description\":\"\",\"potentialAction\":[{\"@type\":\"SearchAction\",\"target\":{\"@type\":\"EntryPoint\",\"urlTemplate\":\"https:\/\/www.negociocloud.com\/clientes\/disemsa\/?s={search_term_string}\"},\"query-input\":\"required name=search_term_string\"}],\"inLanguage\":\"es\"},{\"@type\":\"ImageObject\",\"@id\":\"https:\/\/www.negociocloud.com\/clientes\/disemsa\/producto\/cintas-autoadhesivas-industriales\/#primaryimage\",\"inLanguage\":\"es\",\"url\":\"https:\/\/www.negociocloud.com\/clientes\/disemsa\/wp-content\/uploads\/2021\/11\/DSC_0138-1.jpg\",\"contentUrl\":\"https:\/\/www.negociocloud.com\/clientes\/disemsa\/wp-content\/uploads\/2021\/11\/DSC_0138-1.jpg\",\"width\":1095,\"height\":939},{\"@type\":\"WebPage\",\"@id\":\"https:\/\/www.negociocloud.com\/clientes\/disemsa\/producto\/cintas-autoadhesivas-industriales\/#webpage\",\"url\":\"https:\/\/www.negociocloud.com\/clientes\/disemsa\/producto\/cintas-autoadhesivas-industriales\/\",\"name\":\"CINTAS AUTOADHESIVAS INDUSTRIALES - Disemsa\",\"isPartOf\":{\"@id\":\"https:\/\/www.negociocloud.com\/clientes\/disemsa\/#website\"},\"primaryImageOfPage\":{\"@id\":\"https:\/\/www.negociocloud.com\/clientes\/disemsa\/producto\/cintas-autoadhesivas-industriales\/#primaryimage\"},\"datePublished\":\"2021-11-20T01:53:49+00:00\",\"dateModified\":\"2022-11-01T03:01:11+00:00\",\"breadcrumb\":{\"@id\":\"https:\/\/www.negociocloud.com\/clientes\/disemsa\/producto\/cintas-autoadhesivas-industriales\/#breadcrumb\"},\"inLanguage\":\"es\",\"potentialAction\":[{\"@type\":\"ReadAction\",\"target\":[\"https:\/\/www.negociocloud.com\/clientes\/disemsa\/producto\/cintas-autoadhesivas-industriales\/\"]}]},{\"@type\":\"BreadcrumbList\",\"@id\":\"https:\/\/www.negociocloud.com\/clientes\/disemsa\/producto\/cintas-autoadhesivas-industriales\/#breadcrumb\",\"itemListElement\":[{\"@type\":\"ListItem\",\"position\":1,\"name\":\"Portada\",\"item\":\"https:\/\/www.negociocloud.com\/clientes\/disemsa\/\"},{\"@type\":\"ListItem\",\"position\":2,\"name\":\"Tienda\",\"item\":\"https:\/\/www.negociocloud.com\/clientes\/disemsa\/?page_id=7\"},{\"@type\":\"ListItem\",\"position\":3,\"name\":\"CINTAS AUTOADHESIVAS INDUSTRIALES\"}]}]}<\/script>\n<!-- \/ Yoast SEO plugin. -->","yoast_head_json":{"title":"CINTAS AUTOADHESIVAS INDUSTRIALES - Disemsa","robots":{"index":"index","follow":"follow","max-snippet":"max-snippet:-1","max-image-preview":"max-image-preview:large","max-video-preview":"max-video-preview:-1"},"canonical":"https:\/\/www.negociocloud.com\/clientes\/disemsa\/producto\/cintas-autoadhesivas-industriales\/","og_locale":"es_ES","og_type":"article","og_title":"CINTAS AUTOADHESIVAS INDUSTRIALES - Disemsa","og_description":"AL MOMENTO DE ASEGURAR SUS PRODUCTOS","og_url":"https:\/\/www.negociocloud.com\/clientes\/disemsa\/producto\/cintas-autoadhesivas-industriales\/","og_site_name":"Disemsa","article_modified_time":"2022-11-01T03:01:11+00:00","og_image":[{"width":1095,"height":939,"url":"https:\/\/www.negociocloud.com\/clientes\/disemsa\/wp-content\/uploads\/2021\/11\/DSC_0138-1.jpg","path":"\/home\/ubp33c9ebecr\/public_html\/clientes\/disemsa\/wp-content\/uploads\/2021\/11\/DSC_0138-1.jpg","size":"full","id":2807,"alt":"","pixels":1028205,"type":"image\/jpeg"}],"twitter_card":"summary_large_image","twitter_misc":{"Tiempo de lectura":"1 minuto"},"schema":{"@context":"https:\/\/schema.org","@graph":[{"@type":"WebSite","@id":"https:\/\/www.negociocloud.com\/clientes\/disemsa\/#website","url":"https:\/\/www.negociocloud.com\/clientes\/disemsa\/","name":"Disemsa","description":"","potentialAction":[{"@type":"SearchAction","target":{"@type":"EntryPoint","urlTemplate":"https:\/\/www.negociocloud.com\/clientes\/disemsa\/?s={search_term_string}"},"query-input":"required name=search_term_string"}],"inLanguage":"es"},{"@type":"ImageObject","@id":"https:\/\/www.negociocloud.com\/clientes\/disemsa\/producto\/cintas-autoadhesivas-industriales\/#primaryimage","inLanguage":"es","url":"https:\/\/www.negociocloud.com\/clientes\/disemsa\/wp-content\/uploads\/2021\/11\/DSC_0138-1.jpg","contentUrl":"https:\/\/www.negociocloud.com\/clientes\/disemsa\/wp-content\/uploads\/2021\/11\/DSC_0138-1.jpg","width":1095,"height":939},{"@type":"WebPage","@id":"https:\/\/www.negociocloud.com\/clientes\/disemsa\/producto\/cintas-autoadhesivas-industriales\/#webpage","url":"https:\/\/www.negociocloud.com\/clientes\/disemsa\/producto\/cintas-autoadhesivas-industriales\/","name":"CINTAS AUTOADHESIVAS INDUSTRIALES - Disemsa","isPartOf":{"@id":"https:\/\/www.negociocloud.com\/clientes\/disemsa\/#website"},"primaryImageOfPage":{"@id":"https:\/\/www.negociocloud.com\/clientes\/disemsa\/producto\/cintas-autoadhesivas-industriales\/#primaryimage"},"datePublished":"2021-11-20T01:53:49+00:00","dateModified":"2022-11-01T03:01:11+00:00","breadcrumb":{"@id":"https:\/\/www.negociocloud.com\/clientes\/disemsa\/producto\/cintas-autoadhesivas-industriales\/#breadcrumb"},"inLanguage":"es","potentialAction":[{"@type":"ReadAction","target":["https:\/\/www.negociocloud.com\/clientes\/disemsa\/producto\/cintas-autoadhesivas-industriales\/"]}]},{"@type":"BreadcrumbList","@id":"https:\/\/www.negociocloud.com\/clientes\/disemsa\/producto\/cintas-autoadhesivas-industriales\/#breadcrumb","itemListElement":[{"@type":"ListItem","position":1,"name":"Portada","item":"https:\/\/www.negociocloud.com\/clientes\/disemsa\/"},{"@type":"ListItem","position":2,"name":"Tienda","item":"https:\/\/www.negociocloud.com\/clientes\/disemsa\/?page_id=7"},{"@type":"ListItem","position":3,"name":"CINTAS AUTOADHESIVAS INDUSTRIALES"}]}]}},"_links":{"self":[{"href":"https:\/\/www.negociocloud.com\/clientes\/disemsa\/wp-json\/wp\/v2\/product\/1909"}],"collection":[{"href":"https:\/\/www.negociocloud.com\/clientes\/disemsa\/wp-json\/wp\/v2\/product"}],"about":[{"href":"https:\/\/www.negociocloud.com\/clientes\/disemsa\/wp-json\/wp\/v2\/types\/product"}],"replies":[{"embeddable":true,"href":"https:\/\/www.negociocloud.com\/clientes\/disemsa\/wp-json\/wp\/v2\/comments?post=1909"}],"wp:featuredmedia":[{"embeddable":true,"href":"https:\/\/www.negociocloud.com\/clientes\/disemsa\/wp-json\/wp\/v2\/media\/2807"}],"wp:attachment":[{"href":"https:\/\/www.negociocloud.com\/clientes\/disemsa\/wp-json\/wp\/v2\/media?parent=1909"}],"wp:term":[{"taxonomy":"product_cat","embeddable":true,"href":"https:\/\/www.negociocloud.com\/clientes\/disemsa\/wp-json\/wp\/v2\/product_cat?post=1909"},{"taxonomy":"product_tag","embeddable":true,"href":"https:\/\/www.negociocloud.com\/clientes\/disemsa\/wp-json\/wp\/v2\/product_tag?post=1909"}],"curies":[{"name":"wp","href":"https:\/\/api.w.org\/{rel}","templated":true}]}}