{"id":1946,"date":"2021-11-17T02:45:25","date_gmt":"2021-11-17T02:45:25","guid":{"rendered":"https:\/\/www.negociocloud.com\/clientes\/disemsa\/?post_type=product&#038;p=1946"},"modified":"2021-12-22T19:18:10","modified_gmt":"2021-12-22T19:18:10","slug":"pelicula-estirable-color-negro","status":"publish","type":"product","link":"https:\/\/www.negociocloud.com\/clientes\/disemsa\/producto\/pelicula-estirable-color-negro\/","title":{"rendered":"PEL\u00cdCULA ESTIRABLE COLOR NEGRO"},"content":{"rendered":"<p>Pel\u00edcula de alto calibre con pigmento negro, dise\u00f1ada para encubrir cualquier tipo de mercanc\u00eda, para clasificar y para proteger sus productos de los rayos ultravioletas. El grado de encubrimiento permite lograr esto con una sola capa de pel\u00edcula.<\/p>\n","protected":false},"excerpt":{"rendered":"<p>MEDIDA<br \/>\n18\u201d x 600\u2019<\/p>\n","protected":false},"featured_media":2529,"comment_status":"open","ping_status":"closed","template":"","meta":[],"product_cat":[27,28],"product_tag":[],"yoast_head":"<!-- This site is optimized with the Yoast SEO plugin v17.2 - https:\/\/yoast.com\/wordpress\/plugins\/seo\/ -->\n<title>PEL\u00cdCULA ESTIRABLE COLOR NEGRO - Disemsa<\/title>\n<meta name=\"robots\" content=\"index, follow, max-snippet:-1, max-image-preview:large, max-video-preview:-1\" \/>\n<link rel=\"canonical\" href=\"https:\/\/www.negociocloud.com\/clientes\/disemsa\/producto\/pelicula-estirable-color-negro\/\" \/>\n<meta property=\"og:locale\" content=\"es_ES\" \/>\n<meta property=\"og:type\" content=\"article\" \/>\n<meta property=\"og:title\" content=\"PEL\u00cdCULA ESTIRABLE COLOR NEGRO - Disemsa\" \/>\n<meta property=\"og:description\" content=\"MEDIDA 18\u201d x 600\u2019\" \/>\n<meta property=\"og:url\" content=\"https:\/\/www.negociocloud.com\/clientes\/disemsa\/producto\/pelicula-estirable-color-negro\/\" \/>\n<meta property=\"og:site_name\" content=\"Disemsa\" \/>\n<meta property=\"article:modified_time\" content=\"2021-12-22T19:18:10+00:00\" \/>\n<meta property=\"og:image\" content=\"https:\/\/www.negociocloud.com\/clientes\/disemsa\/wp-content\/uploads\/2021\/11\/imageedit_19_5730604665.jpg\" \/>\n\t<meta property=\"og:image:width\" content=\"1100\" \/>\n\t<meta property=\"og:image:height\" content=\"1086\" \/>\n<meta name=\"twitter:card\" content=\"summary_large_image\" \/>\n<meta name=\"twitter:label1\" content=\"Tiempo de lectura\" \/>\n\t<meta name=\"twitter:data1\" content=\"1 minuto\" \/>\n<script type=\"application\/ld+json\" class=\"yoast-schema-graph\">{\"@context\":\"https:\/\/schema.org\",\"@graph\":[{\"@type\":\"WebSite\",\"@id\":\"https:\/\/www.negociocloud.com\/clientes\/disemsa\/#website\",\"url\":\"https:\/\/www.negociocloud.com\/clientes\/disemsa\/\",\"name\":\"Disemsa\",\"description\":\"\",\"potentialAction\":[{\"@type\":\"SearchAction\",\"target\":{\"@type\":\"EntryPoint\",\"urlTemplate\":\"https:\/\/www.negociocloud.com\/clientes\/disemsa\/?s={search_term_string}\"},\"query-input\":\"required name=search_term_string\"}],\"inLanguage\":\"es\"},{\"@type\":\"ImageObject\",\"@id\":\"https:\/\/www.negociocloud.com\/clientes\/disemsa\/producto\/pelicula-estirable-color-negro\/#primaryimage\",\"inLanguage\":\"es\",\"url\":\"https:\/\/www.negociocloud.com\/clientes\/disemsa\/wp-content\/uploads\/2021\/11\/imageedit_19_5730604665.jpg\",\"contentUrl\":\"https:\/\/www.negociocloud.com\/clientes\/disemsa\/wp-content\/uploads\/2021\/11\/imageedit_19_5730604665.jpg\",\"width\":1100,\"height\":1086},{\"@type\":\"WebPage\",\"@id\":\"https:\/\/www.negociocloud.com\/clientes\/disemsa\/producto\/pelicula-estirable-color-negro\/#webpage\",\"url\":\"https:\/\/www.negociocloud.com\/clientes\/disemsa\/producto\/pelicula-estirable-color-negro\/\",\"name\":\"PEL\\u00cdCULA ESTIRABLE COLOR NEGRO - Disemsa\",\"isPartOf\":{\"@id\":\"https:\/\/www.negociocloud.com\/clientes\/disemsa\/#website\"},\"primaryImageOfPage\":{\"@id\":\"https:\/\/www.negociocloud.com\/clientes\/disemsa\/producto\/pelicula-estirable-color-negro\/#primaryimage\"},\"datePublished\":\"2021-11-17T02:45:25+00:00\",\"dateModified\":\"2021-12-22T19:18:10+00:00\",\"breadcrumb\":{\"@id\":\"https:\/\/www.negociocloud.com\/clientes\/disemsa\/producto\/pelicula-estirable-color-negro\/#breadcrumb\"},\"inLanguage\":\"es\",\"potentialAction\":[{\"@type\":\"ReadAction\",\"target\":[\"https:\/\/www.negociocloud.com\/clientes\/disemsa\/producto\/pelicula-estirable-color-negro\/\"]}]},{\"@type\":\"BreadcrumbList\",\"@id\":\"https:\/\/www.negociocloud.com\/clientes\/disemsa\/producto\/pelicula-estirable-color-negro\/#breadcrumb\",\"itemListElement\":[{\"@type\":\"ListItem\",\"position\":1,\"name\":\"Portada\",\"item\":\"https:\/\/www.negociocloud.com\/clientes\/disemsa\/\"},{\"@type\":\"ListItem\",\"position\":2,\"name\":\"Tienda\",\"item\":\"https:\/\/www.negociocloud.com\/clientes\/disemsa\/?page_id=7\"},{\"@type\":\"ListItem\",\"position\":3,\"name\":\"PEL\\u00cdCULA ESTIRABLE COLOR NEGRO\"}]}]}<\/script>\n<!-- \/ Yoast SEO plugin. -->","yoast_head_json":{"title":"PEL\u00cdCULA ESTIRABLE COLOR NEGRO - Disemsa","robots":{"index":"index","follow":"follow","max-snippet":"max-snippet:-1","max-image-preview":"max-image-preview:large","max-video-preview":"max-video-preview:-1"},"canonical":"https:\/\/www.negociocloud.com\/clientes\/disemsa\/producto\/pelicula-estirable-color-negro\/","og_locale":"es_ES","og_type":"article","og_title":"PEL\u00cdCULA ESTIRABLE COLOR NEGRO - Disemsa","og_description":"MEDIDA 18\u201d x 600\u2019","og_url":"https:\/\/www.negociocloud.com\/clientes\/disemsa\/producto\/pelicula-estirable-color-negro\/","og_site_name":"Disemsa","article_modified_time":"2021-12-22T19:18:10+00:00","og_image":[{"width":1100,"height":1086,"url":"https:\/\/www.negociocloud.com\/clientes\/disemsa\/wp-content\/uploads\/2021\/11\/imageedit_19_5730604665.jpg","path":"\/home\/ubp33c9ebecr\/public_html\/clientes\/disemsa\/wp-content\/uploads\/2021\/11\/imageedit_19_5730604665.jpg","size":"full","id":2529,"alt":"","pixels":1194600,"type":"image\/jpeg"}],"twitter_card":"summary_large_image","twitter_misc":{"Tiempo de lectura":"1 minuto"},"schema":{"@context":"https:\/\/schema.org","@graph":[{"@type":"WebSite","@id":"https:\/\/www.negociocloud.com\/clientes\/disemsa\/#website","url":"https:\/\/www.negociocloud.com\/clientes\/disemsa\/","name":"Disemsa","description":"","potentialAction":[{"@type":"SearchAction","target":{"@type":"EntryPoint","urlTemplate":"https:\/\/www.negociocloud.com\/clientes\/disemsa\/?s={search_term_string}"},"query-input":"required name=search_term_string"}],"inLanguage":"es"},{"@type":"ImageObject","@id":"https:\/\/www.negociocloud.com\/clientes\/disemsa\/producto\/pelicula-estirable-color-negro\/#primaryimage","inLanguage":"es","url":"https:\/\/www.negociocloud.com\/clientes\/disemsa\/wp-content\/uploads\/2021\/11\/imageedit_19_5730604665.jpg","contentUrl":"https:\/\/www.negociocloud.com\/clientes\/disemsa\/wp-content\/uploads\/2021\/11\/imageedit_19_5730604665.jpg","width":1100,"height":1086},{"@type":"WebPage","@id":"https:\/\/www.negociocloud.com\/clientes\/disemsa\/producto\/pelicula-estirable-color-negro\/#webpage","url":"https:\/\/www.negociocloud.com\/clientes\/disemsa\/producto\/pelicula-estirable-color-negro\/","name":"PEL\u00cdCULA ESTIRABLE COLOR NEGRO - Disemsa","isPartOf":{"@id":"https:\/\/www.negociocloud.com\/clientes\/disemsa\/#website"},"primaryImageOfPage":{"@id":"https:\/\/www.negociocloud.com\/clientes\/disemsa\/producto\/pelicula-estirable-color-negro\/#primaryimage"},"datePublished":"2021-11-17T02:45:25+00:00","dateModified":"2021-12-22T19:18:10+00:00","breadcrumb":{"@id":"https:\/\/www.negociocloud.com\/clientes\/disemsa\/producto\/pelicula-estirable-color-negro\/#breadcrumb"},"inLanguage":"es","potentialAction":[{"@type":"ReadAction","target":["https:\/\/www.negociocloud.com\/clientes\/disemsa\/producto\/pelicula-estirable-color-negro\/"]}]},{"@type":"BreadcrumbList","@id":"https:\/\/www.negociocloud.com\/clientes\/disemsa\/producto\/pelicula-estirable-color-negro\/#breadcrumb","itemListElement":[{"@type":"ListItem","position":1,"name":"Portada","item":"https:\/\/www.negociocloud.com\/clientes\/disemsa\/"},{"@type":"ListItem","position":2,"name":"Tienda","item":"https:\/\/www.negociocloud.com\/clientes\/disemsa\/?page_id=7"},{"@type":"ListItem","position":3,"name":"PEL\u00cdCULA ESTIRABLE COLOR NEGRO"}]}]}},"_links":{"self":[{"href":"https:\/\/www.negociocloud.com\/clientes\/disemsa\/wp-json\/wp\/v2\/product\/1946"}],"collection":[{"href":"https:\/\/www.negociocloud.com\/clientes\/disemsa\/wp-json\/wp\/v2\/product"}],"about":[{"href":"https:\/\/www.negociocloud.com\/clientes\/disemsa\/wp-json\/wp\/v2\/types\/product"}],"replies":[{"embeddable":true,"href":"https:\/\/www.negociocloud.com\/clientes\/disemsa\/wp-json\/wp\/v2\/comments?post=1946"}],"wp:featuredmedia":[{"embeddable":true,"href":"https:\/\/www.negociocloud.com\/clientes\/disemsa\/wp-json\/wp\/v2\/media\/2529"}],"wp:attachment":[{"href":"https:\/\/www.negociocloud.com\/clientes\/disemsa\/wp-json\/wp\/v2\/media?parent=1946"}],"wp:term":[{"taxonomy":"product_cat","embeddable":true,"href":"https:\/\/www.negociocloud.com\/clientes\/disemsa\/wp-json\/wp\/v2\/product_cat?post=1946"},{"taxonomy":"product_tag","embeddable":true,"href":"https:\/\/www.negociocloud.com\/clientes\/disemsa\/wp-json\/wp\/v2\/product_tag?post=1946"}],"curies":[{"name":"wp","href":"https:\/\/api.w.org\/{rel}","templated":true}]}}