{"id":1957,"date":"2021-11-17T02:49:51","date_gmt":"2021-11-17T02:49:51","guid":{"rendered":"https:\/\/www.negociocloud.com\/clientes\/disemsa\/?post_type=product&#038;p=1957"},"modified":"2021-12-22T19:14:30","modified_gmt":"2021-12-22T19:14:30","slug":"pelicula-termoencogible-de-poliolefina","status":"publish","type":"product","link":"https:\/\/www.negociocloud.com\/clientes\/disemsa\/producto\/pelicula-termoencogible-de-poliolefina\/","title":{"rendered":"PEL\u00cdCULA TERMOENCOGIBLE DE POLIOLEFINA"},"content":{"rendered":"<p>Nuestra poliolefina SEALPAK se caracteriza por la limpieza y nitidez en el empaque, junto a su formula profesional que asegura un encogimiento que se adapta perfectamente a la forma de su producto, garantiz\u00e1ndole un acabado profesional. La fuerza en las soldaduras y la resistencia de la pel\u00edcula, garantizan que no tendr\u00e1 reprocesos en su empaque; resultando en un mayor ahorro de tiempo y dinero.<\/p>\n<p><strong>MEDIDAS<br \/>\n<\/strong><strong>08\u201d x 1332m x 15um<br \/>\n<\/strong><strong>10\u201d x 1332m x 15um<br \/>\n<\/strong><strong>12\u201d x 1332m x 15um<br \/>\n<\/strong><strong>14\u201d x 1332m x 15um<br \/>\n<\/strong><strong>16\u201d x 1332m x 15um<br \/>\n<\/strong><strong>18\u201d x 1332m x 15um<br \/>\n<\/strong><strong>10\u201d x 1067m x 19um<br \/>\n<\/strong><strong>12\u201d x 1067m x 19um<br \/>\n<\/strong><strong>14\u201d x 1067m x 19um<br \/>\n<\/strong><strong>16\u201d x 1067m x 19um<\/strong><\/p>\n","protected":false},"excerpt":{"rendered":"<p>Nuestra poliolefina SEALPAK se caracteriza por la limpieza y nitidez en el empaque, junto a su formula profesional que asegura un encogimiento que se adapta perfectamente a la forma de su producto, garantiz\u00e1ndole un acabado profesional. La fuerza en las soldaduras y la resistencia de la pel\u00edcula, garantizan que no tendr\u00e1 reprocesos en su empaque; [&hellip;]<\/p>\n","protected":false},"featured_media":2525,"comment_status":"open","ping_status":"closed","template":"","meta":[],"product_cat":[27,28],"product_tag":[],"yoast_head":"<!-- This site is optimized with the Yoast SEO plugin v17.2 - https:\/\/yoast.com\/wordpress\/plugins\/seo\/ -->\n<title>PEL\u00cdCULA TERMOENCOGIBLE DE POLIOLEFINA - Disemsa<\/title>\n<meta name=\"robots\" content=\"index, follow, max-snippet:-1, max-image-preview:large, max-video-preview:-1\" \/>\n<link rel=\"canonical\" href=\"https:\/\/www.negociocloud.com\/clientes\/disemsa\/producto\/pelicula-termoencogible-de-poliolefina\/\" \/>\n<meta property=\"og:locale\" content=\"es_ES\" \/>\n<meta property=\"og:type\" content=\"article\" \/>\n<meta property=\"og:title\" content=\"PEL\u00cdCULA TERMOENCOGIBLE DE POLIOLEFINA - Disemsa\" \/>\n<meta property=\"og:description\" content=\"Nuestra poliolefina SEALPAK se caracteriza por la limpieza y nitidez en el empaque, junto a su formula profesional que asegura un encogimiento que se adapta perfectamente a la forma de su producto, garantiz\u00e1ndole un acabado profesional. La fuerza en las soldaduras y la resistencia de la pel\u00edcula, garantizan que no tendr\u00e1 reprocesos en su empaque; [&hellip;]\" \/>\n<meta property=\"og:url\" content=\"https:\/\/www.negociocloud.com\/clientes\/disemsa\/producto\/pelicula-termoencogible-de-poliolefina\/\" \/>\n<meta property=\"og:site_name\" content=\"Disemsa\" \/>\n<meta property=\"article:modified_time\" content=\"2021-12-22T19:14:30+00:00\" \/>\n<meta property=\"og:image\" content=\"https:\/\/www.negociocloud.com\/clientes\/disemsa\/wp-content\/uploads\/2021\/11\/imageedit_13_4660222068.jpg\" \/>\n\t<meta property=\"og:image:width\" content=\"880\" \/>\n\t<meta property=\"og:image:height\" content=\"860\" \/>\n<meta name=\"twitter:card\" content=\"summary_large_image\" \/>\n<meta name=\"twitter:label1\" content=\"Tiempo de lectura\" \/>\n\t<meta name=\"twitter:data1\" content=\"1 minuto\" \/>\n<script type=\"application\/ld+json\" class=\"yoast-schema-graph\">{\"@context\":\"https:\/\/schema.org\",\"@graph\":[{\"@type\":\"WebSite\",\"@id\":\"https:\/\/www.negociocloud.com\/clientes\/disemsa\/#website\",\"url\":\"https:\/\/www.negociocloud.com\/clientes\/disemsa\/\",\"name\":\"Disemsa\",\"description\":\"\",\"potentialAction\":[{\"@type\":\"SearchAction\",\"target\":{\"@type\":\"EntryPoint\",\"urlTemplate\":\"https:\/\/www.negociocloud.com\/clientes\/disemsa\/?s={search_term_string}\"},\"query-input\":\"required name=search_term_string\"}],\"inLanguage\":\"es\"},{\"@type\":\"ImageObject\",\"@id\":\"https:\/\/www.negociocloud.com\/clientes\/disemsa\/producto\/pelicula-termoencogible-de-poliolefina\/#primaryimage\",\"inLanguage\":\"es\",\"url\":\"https:\/\/www.negociocloud.com\/clientes\/disemsa\/wp-content\/uploads\/2021\/11\/imageedit_13_4660222068.jpg\",\"contentUrl\":\"https:\/\/www.negociocloud.com\/clientes\/disemsa\/wp-content\/uploads\/2021\/11\/imageedit_13_4660222068.jpg\",\"width\":880,\"height\":860},{\"@type\":\"WebPage\",\"@id\":\"https:\/\/www.negociocloud.com\/clientes\/disemsa\/producto\/pelicula-termoencogible-de-poliolefina\/#webpage\",\"url\":\"https:\/\/www.negociocloud.com\/clientes\/disemsa\/producto\/pelicula-termoencogible-de-poliolefina\/\",\"name\":\"PEL\\u00cdCULA TERMOENCOGIBLE DE POLIOLEFINA - Disemsa\",\"isPartOf\":{\"@id\":\"https:\/\/www.negociocloud.com\/clientes\/disemsa\/#website\"},\"primaryImageOfPage\":{\"@id\":\"https:\/\/www.negociocloud.com\/clientes\/disemsa\/producto\/pelicula-termoencogible-de-poliolefina\/#primaryimage\"},\"datePublished\":\"2021-11-17T02:49:51+00:00\",\"dateModified\":\"2021-12-22T19:14:30+00:00\",\"breadcrumb\":{\"@id\":\"https:\/\/www.negociocloud.com\/clientes\/disemsa\/producto\/pelicula-termoencogible-de-poliolefina\/#breadcrumb\"},\"inLanguage\":\"es\",\"potentialAction\":[{\"@type\":\"ReadAction\",\"target\":[\"https:\/\/www.negociocloud.com\/clientes\/disemsa\/producto\/pelicula-termoencogible-de-poliolefina\/\"]}]},{\"@type\":\"BreadcrumbList\",\"@id\":\"https:\/\/www.negociocloud.com\/clientes\/disemsa\/producto\/pelicula-termoencogible-de-poliolefina\/#breadcrumb\",\"itemListElement\":[{\"@type\":\"ListItem\",\"position\":1,\"name\":\"Portada\",\"item\":\"https:\/\/www.negociocloud.com\/clientes\/disemsa\/\"},{\"@type\":\"ListItem\",\"position\":2,\"name\":\"Tienda\",\"item\":\"https:\/\/www.negociocloud.com\/clientes\/disemsa\/?page_id=7\"},{\"@type\":\"ListItem\",\"position\":3,\"name\":\"PEL\\u00cdCULA TERMOENCOGIBLE DE POLIOLEFINA\"}]}]}<\/script>\n<!-- \/ Yoast SEO plugin. -->","yoast_head_json":{"title":"PEL\u00cdCULA TERMOENCOGIBLE DE POLIOLEFINA - Disemsa","robots":{"index":"index","follow":"follow","max-snippet":"max-snippet:-1","max-image-preview":"max-image-preview:large","max-video-preview":"max-video-preview:-1"},"canonical":"https:\/\/www.negociocloud.com\/clientes\/disemsa\/producto\/pelicula-termoencogible-de-poliolefina\/","og_locale":"es_ES","og_type":"article","og_title":"PEL\u00cdCULA TERMOENCOGIBLE DE POLIOLEFINA - Disemsa","og_description":"Nuestra poliolefina SEALPAK se caracteriza por la limpieza y nitidez en el empaque, junto a su formula profesional que asegura un encogimiento que se adapta perfectamente a la forma de su producto, garantiz\u00e1ndole un acabado profesional. La fuerza en las soldaduras y la resistencia de la pel\u00edcula, garantizan que no tendr\u00e1 reprocesos en su empaque; [&hellip;]","og_url":"https:\/\/www.negociocloud.com\/clientes\/disemsa\/producto\/pelicula-termoencogible-de-poliolefina\/","og_site_name":"Disemsa","article_modified_time":"2021-12-22T19:14:30+00:00","og_image":[{"width":880,"height":860,"url":"https:\/\/www.negociocloud.com\/clientes\/disemsa\/wp-content\/uploads\/2021\/11\/imageedit_13_4660222068.jpg","path":"\/home\/ubp33c9ebecr\/public_html\/clientes\/disemsa\/wp-content\/uploads\/2021\/11\/imageedit_13_4660222068.jpg","size":"full","id":2525,"alt":"","pixels":756800,"type":"image\/jpeg"}],"twitter_card":"summary_large_image","twitter_misc":{"Tiempo de lectura":"1 minuto"},"schema":{"@context":"https:\/\/schema.org","@graph":[{"@type":"WebSite","@id":"https:\/\/www.negociocloud.com\/clientes\/disemsa\/#website","url":"https:\/\/www.negociocloud.com\/clientes\/disemsa\/","name":"Disemsa","description":"","potentialAction":[{"@type":"SearchAction","target":{"@type":"EntryPoint","urlTemplate":"https:\/\/www.negociocloud.com\/clientes\/disemsa\/?s={search_term_string}"},"query-input":"required name=search_term_string"}],"inLanguage":"es"},{"@type":"ImageObject","@id":"https:\/\/www.negociocloud.com\/clientes\/disemsa\/producto\/pelicula-termoencogible-de-poliolefina\/#primaryimage","inLanguage":"es","url":"https:\/\/www.negociocloud.com\/clientes\/disemsa\/wp-content\/uploads\/2021\/11\/imageedit_13_4660222068.jpg","contentUrl":"https:\/\/www.negociocloud.com\/clientes\/disemsa\/wp-content\/uploads\/2021\/11\/imageedit_13_4660222068.jpg","width":880,"height":860},{"@type":"WebPage","@id":"https:\/\/www.negociocloud.com\/clientes\/disemsa\/producto\/pelicula-termoencogible-de-poliolefina\/#webpage","url":"https:\/\/www.negociocloud.com\/clientes\/disemsa\/producto\/pelicula-termoencogible-de-poliolefina\/","name":"PEL\u00cdCULA TERMOENCOGIBLE DE POLIOLEFINA - Disemsa","isPartOf":{"@id":"https:\/\/www.negociocloud.com\/clientes\/disemsa\/#website"},"primaryImageOfPage":{"@id":"https:\/\/www.negociocloud.com\/clientes\/disemsa\/producto\/pelicula-termoencogible-de-poliolefina\/#primaryimage"},"datePublished":"2021-11-17T02:49:51+00:00","dateModified":"2021-12-22T19:14:30+00:00","breadcrumb":{"@id":"https:\/\/www.negociocloud.com\/clientes\/disemsa\/producto\/pelicula-termoencogible-de-poliolefina\/#breadcrumb"},"inLanguage":"es","potentialAction":[{"@type":"ReadAction","target":["https:\/\/www.negociocloud.com\/clientes\/disemsa\/producto\/pelicula-termoencogible-de-poliolefina\/"]}]},{"@type":"BreadcrumbList","@id":"https:\/\/www.negociocloud.com\/clientes\/disemsa\/producto\/pelicula-termoencogible-de-poliolefina\/#breadcrumb","itemListElement":[{"@type":"ListItem","position":1,"name":"Portada","item":"https:\/\/www.negociocloud.com\/clientes\/disemsa\/"},{"@type":"ListItem","position":2,"name":"Tienda","item":"https:\/\/www.negociocloud.com\/clientes\/disemsa\/?page_id=7"},{"@type":"ListItem","position":3,"name":"PEL\u00cdCULA TERMOENCOGIBLE DE POLIOLEFINA"}]}]}},"_links":{"self":[{"href":"https:\/\/www.negociocloud.com\/clientes\/disemsa\/wp-json\/wp\/v2\/product\/1957"}],"collection":[{"href":"https:\/\/www.negociocloud.com\/clientes\/disemsa\/wp-json\/wp\/v2\/product"}],"about":[{"href":"https:\/\/www.negociocloud.com\/clientes\/disemsa\/wp-json\/wp\/v2\/types\/product"}],"replies":[{"embeddable":true,"href":"https:\/\/www.negociocloud.com\/clientes\/disemsa\/wp-json\/wp\/v2\/comments?post=1957"}],"wp:featuredmedia":[{"embeddable":true,"href":"https:\/\/www.negociocloud.com\/clientes\/disemsa\/wp-json\/wp\/v2\/media\/2525"}],"wp:attachment":[{"href":"https:\/\/www.negociocloud.com\/clientes\/disemsa\/wp-json\/wp\/v2\/media?parent=1957"}],"wp:term":[{"taxonomy":"product_cat","embeddable":true,"href":"https:\/\/www.negociocloud.com\/clientes\/disemsa\/wp-json\/wp\/v2\/product_cat?post=1957"},{"taxonomy":"product_tag","embeddable":true,"href":"https:\/\/www.negociocloud.com\/clientes\/disemsa\/wp-json\/wp\/v2\/product_tag?post=1957"}],"curies":[{"name":"wp","href":"https:\/\/api.w.org\/{rel}","templated":true}]}}