{"id":2085,"date":"2021-11-19T01:22:51","date_gmt":"2021-11-19T01:22:51","guid":{"rendered":"https:\/\/www.negociocloud.com\/clientes\/disemsa\/?post_type=product&#038;p=2085"},"modified":"2021-12-22T18:37:49","modified_gmt":"2021-12-22T18:37:49","slug":"m1200vb","status":"publish","type":"product","link":"https:\/\/www.negociocloud.com\/clientes\/disemsa\/producto\/m1200vb\/","title":{"rendered":"M1200VB"},"content":{"rendered":"<p>Caja de 10 mascarillas filtrantes FFP2 de fibra sint\u00e9tica no tejida. L\u00e1mina nasal de ajuste. V\u00e1lvula de exhalaci\u00f3n de altas prestaciones. Embalaje individual higi\u00e9nico. Test opcional DOLOMITE para un confort respiratorio prolongado.<\/p>\n<p>FFP2 NR D<br \/>\nFibra sint\u00e9tica no tejida<br \/>\nBandas ajustables<\/p>\n<p><strong>TALLA: Ajustable<\/strong><\/p>\n<p>&nbsp;<\/p>\n","protected":false},"excerpt":{"rendered":"<p>CAJA DE 10 M\u00c1SCARILLAS DE USO UNICO FFP2 CON V\u00c1LVULA &#8211; PLIEGUE VERTICAL<\/p>\n","protected":false},"featured_media":2088,"comment_status":"open","ping_status":"closed","template":"","meta":[],"product_cat":[18,22],"product_tag":[],"yoast_head":"<!-- This site is optimized with the Yoast SEO plugin v17.2 - https:\/\/yoast.com\/wordpress\/plugins\/seo\/ -->\n<title>M1200VB - Disemsa<\/title>\n<meta name=\"robots\" content=\"index, follow, max-snippet:-1, max-image-preview:large, max-video-preview:-1\" \/>\n<link rel=\"canonical\" href=\"https:\/\/www.negociocloud.com\/clientes\/disemsa\/producto\/m1200vb\/\" \/>\n<meta property=\"og:locale\" content=\"es_ES\" \/>\n<meta property=\"og:type\" content=\"article\" \/>\n<meta property=\"og:title\" content=\"M1200VB - Disemsa\" \/>\n<meta property=\"og:description\" content=\"CAJA DE 10 M\u00c1SCARILLAS DE USO UNICO FFP2 CON V\u00c1LVULA - PLIEGUE VERTICAL\" \/>\n<meta property=\"og:url\" content=\"https:\/\/www.negociocloud.com\/clientes\/disemsa\/producto\/m1200vb\/\" \/>\n<meta property=\"og:site_name\" content=\"Disemsa\" \/>\n<meta property=\"article:modified_time\" content=\"2021-12-22T18:37:49+00:00\" \/>\n<meta property=\"og:image\" content=\"https:\/\/www.negociocloud.com\/clientes\/disemsa\/wp-content\/uploads\/2021\/11\/M1200VB.jpg\" \/>\n\t<meta property=\"og:image:width\" content=\"1600\" \/>\n\t<meta property=\"og:image:height\" content=\"1600\" \/>\n<meta name=\"twitter:card\" content=\"summary_large_image\" \/>\n<meta name=\"twitter:label1\" content=\"Tiempo de lectura\" \/>\n\t<meta name=\"twitter:data1\" content=\"1 minuto\" \/>\n<script type=\"application\/ld+json\" class=\"yoast-schema-graph\">{\"@context\":\"https:\/\/schema.org\",\"@graph\":[{\"@type\":\"WebSite\",\"@id\":\"https:\/\/www.negociocloud.com\/clientes\/disemsa\/#website\",\"url\":\"https:\/\/www.negociocloud.com\/clientes\/disemsa\/\",\"name\":\"Disemsa\",\"description\":\"\",\"potentialAction\":[{\"@type\":\"SearchAction\",\"target\":{\"@type\":\"EntryPoint\",\"urlTemplate\":\"https:\/\/www.negociocloud.com\/clientes\/disemsa\/?s={search_term_string}\"},\"query-input\":\"required name=search_term_string\"}],\"inLanguage\":\"es\"},{\"@type\":\"ImageObject\",\"@id\":\"https:\/\/www.negociocloud.com\/clientes\/disemsa\/producto\/m1200vb\/#primaryimage\",\"inLanguage\":\"es\",\"url\":\"https:\/\/www.negociocloud.com\/clientes\/disemsa\/wp-content\/uploads\/2021\/11\/M1200VB.jpg\",\"contentUrl\":\"https:\/\/www.negociocloud.com\/clientes\/disemsa\/wp-content\/uploads\/2021\/11\/M1200VB.jpg\",\"width\":1600,\"height\":1600},{\"@type\":\"WebPage\",\"@id\":\"https:\/\/www.negociocloud.com\/clientes\/disemsa\/producto\/m1200vb\/#webpage\",\"url\":\"https:\/\/www.negociocloud.com\/clientes\/disemsa\/producto\/m1200vb\/\",\"name\":\"M1200VB - Disemsa\",\"isPartOf\":{\"@id\":\"https:\/\/www.negociocloud.com\/clientes\/disemsa\/#website\"},\"primaryImageOfPage\":{\"@id\":\"https:\/\/www.negociocloud.com\/clientes\/disemsa\/producto\/m1200vb\/#primaryimage\"},\"datePublished\":\"2021-11-19T01:22:51+00:00\",\"dateModified\":\"2021-12-22T18:37:49+00:00\",\"breadcrumb\":{\"@id\":\"https:\/\/www.negociocloud.com\/clientes\/disemsa\/producto\/m1200vb\/#breadcrumb\"},\"inLanguage\":\"es\",\"potentialAction\":[{\"@type\":\"ReadAction\",\"target\":[\"https:\/\/www.negociocloud.com\/clientes\/disemsa\/producto\/m1200vb\/\"]}]},{\"@type\":\"BreadcrumbList\",\"@id\":\"https:\/\/www.negociocloud.com\/clientes\/disemsa\/producto\/m1200vb\/#breadcrumb\",\"itemListElement\":[{\"@type\":\"ListItem\",\"position\":1,\"name\":\"Portada\",\"item\":\"https:\/\/www.negociocloud.com\/clientes\/disemsa\/\"},{\"@type\":\"ListItem\",\"position\":2,\"name\":\"Tienda\",\"item\":\"https:\/\/www.negociocloud.com\/clientes\/disemsa\/?page_id=7\"},{\"@type\":\"ListItem\",\"position\":3,\"name\":\"M1200VB\"}]}]}<\/script>\n<!-- \/ Yoast SEO plugin. -->","yoast_head_json":{"title":"M1200VB - Disemsa","robots":{"index":"index","follow":"follow","max-snippet":"max-snippet:-1","max-image-preview":"max-image-preview:large","max-video-preview":"max-video-preview:-1"},"canonical":"https:\/\/www.negociocloud.com\/clientes\/disemsa\/producto\/m1200vb\/","og_locale":"es_ES","og_type":"article","og_title":"M1200VB - Disemsa","og_description":"CAJA DE 10 M\u00c1SCARILLAS DE USO UNICO FFP2 CON V\u00c1LVULA - PLIEGUE VERTICAL","og_url":"https:\/\/www.negociocloud.com\/clientes\/disemsa\/producto\/m1200vb\/","og_site_name":"Disemsa","article_modified_time":"2021-12-22T18:37:49+00:00","og_image":[{"width":1600,"height":1600,"url":"https:\/\/www.negociocloud.com\/clientes\/disemsa\/wp-content\/uploads\/2021\/11\/M1200VB.jpg","path":"\/home\/ubp33c9ebecr\/public_html\/clientes\/disemsa\/wp-content\/uploads\/2021\/11\/M1200VB.jpg","size":"full","id":2088,"alt":"","pixels":2560000,"type":"image\/jpeg"}],"twitter_card":"summary_large_image","twitter_misc":{"Tiempo de lectura":"1 minuto"},"schema":{"@context":"https:\/\/schema.org","@graph":[{"@type":"WebSite","@id":"https:\/\/www.negociocloud.com\/clientes\/disemsa\/#website","url":"https:\/\/www.negociocloud.com\/clientes\/disemsa\/","name":"Disemsa","description":"","potentialAction":[{"@type":"SearchAction","target":{"@type":"EntryPoint","urlTemplate":"https:\/\/www.negociocloud.com\/clientes\/disemsa\/?s={search_term_string}"},"query-input":"required name=search_term_string"}],"inLanguage":"es"},{"@type":"ImageObject","@id":"https:\/\/www.negociocloud.com\/clientes\/disemsa\/producto\/m1200vb\/#primaryimage","inLanguage":"es","url":"https:\/\/www.negociocloud.com\/clientes\/disemsa\/wp-content\/uploads\/2021\/11\/M1200VB.jpg","contentUrl":"https:\/\/www.negociocloud.com\/clientes\/disemsa\/wp-content\/uploads\/2021\/11\/M1200VB.jpg","width":1600,"height":1600},{"@type":"WebPage","@id":"https:\/\/www.negociocloud.com\/clientes\/disemsa\/producto\/m1200vb\/#webpage","url":"https:\/\/www.negociocloud.com\/clientes\/disemsa\/producto\/m1200vb\/","name":"M1200VB - Disemsa","isPartOf":{"@id":"https:\/\/www.negociocloud.com\/clientes\/disemsa\/#website"},"primaryImageOfPage":{"@id":"https:\/\/www.negociocloud.com\/clientes\/disemsa\/producto\/m1200vb\/#primaryimage"},"datePublished":"2021-11-19T01:22:51+00:00","dateModified":"2021-12-22T18:37:49+00:00","breadcrumb":{"@id":"https:\/\/www.negociocloud.com\/clientes\/disemsa\/producto\/m1200vb\/#breadcrumb"},"inLanguage":"es","potentialAction":[{"@type":"ReadAction","target":["https:\/\/www.negociocloud.com\/clientes\/disemsa\/producto\/m1200vb\/"]}]},{"@type":"BreadcrumbList","@id":"https:\/\/www.negociocloud.com\/clientes\/disemsa\/producto\/m1200vb\/#breadcrumb","itemListElement":[{"@type":"ListItem","position":1,"name":"Portada","item":"https:\/\/www.negociocloud.com\/clientes\/disemsa\/"},{"@type":"ListItem","position":2,"name":"Tienda","item":"https:\/\/www.negociocloud.com\/clientes\/disemsa\/?page_id=7"},{"@type":"ListItem","position":3,"name":"M1200VB"}]}]}},"_links":{"self":[{"href":"https:\/\/www.negociocloud.com\/clientes\/disemsa\/wp-json\/wp\/v2\/product\/2085"}],"collection":[{"href":"https:\/\/www.negociocloud.com\/clientes\/disemsa\/wp-json\/wp\/v2\/product"}],"about":[{"href":"https:\/\/www.negociocloud.com\/clientes\/disemsa\/wp-json\/wp\/v2\/types\/product"}],"replies":[{"embeddable":true,"href":"https:\/\/www.negociocloud.com\/clientes\/disemsa\/wp-json\/wp\/v2\/comments?post=2085"}],"wp:featuredmedia":[{"embeddable":true,"href":"https:\/\/www.negociocloud.com\/clientes\/disemsa\/wp-json\/wp\/v2\/media\/2088"}],"wp:attachment":[{"href":"https:\/\/www.negociocloud.com\/clientes\/disemsa\/wp-json\/wp\/v2\/media?parent=2085"}],"wp:term":[{"taxonomy":"product_cat","embeddable":true,"href":"https:\/\/www.negociocloud.com\/clientes\/disemsa\/wp-json\/wp\/v2\/product_cat?post=2085"},{"taxonomy":"product_tag","embeddable":true,"href":"https:\/\/www.negociocloud.com\/clientes\/disemsa\/wp-json\/wp\/v2\/product_tag?post=2085"}],"curies":[{"name":"wp","href":"https:\/\/api.w.org\/{rel}","templated":true}]}}