{"id":2113,"date":"2021-11-18T01:45:36","date_gmt":"2021-11-18T01:45:36","guid":{"rendered":"https:\/\/www.negociocloud.com\/clientes\/disemsa\/?post_type=product&#038;p=2113"},"modified":"2021-11-18T01:45:36","modified_gmt":"2021-11-18T01:45:36","slug":"ss110-stratos","status":"publish","type":"product","link":"https:\/\/www.negociocloud.com\/clientes\/disemsa\/producto\/ss110-stratos\/","title":{"rendered":"SS110 Stratos\u00ae"},"content":{"rendered":"<p>Lente de policarbonato resistente a los ara\u00f1azos en tinte transparente de una sola pieza que filtra la radiaci\u00f3n UV, templo de esp\u00e1tula con ajuste extensible, los protectores laterales integrales ofrecen protecci\u00f3n contra las part\u00edculas que ingresan a las gafas desde los lados. Estos lentes proporcionan un \u00e1ngulo amplio excepcional de visi\u00f3n sin restricciones que le permite evaluar de forma segura su entorno, el puente nasal moldeado se adapta c\u00f3modamente a una amplia variedad de caras, el marco liviano brinda mayor comodidad y equilibrio siendo as\u00ed una excelente opci\u00f3n para quien busca un dise\u00f1o envolvente y al mismo tiempo un excelente protecci\u00f3n.<\/p>\n<p><strong>TINTE: Claro<\/strong><\/p>\n","protected":false},"excerpt":{"rendered":"<p>GAFAS DE POLICARBONATO, NYLON<\/p>\n","protected":false},"featured_media":2121,"comment_status":"open","ping_status":"closed","template":"","meta":[],"product_cat":[18,20],"product_tag":[],"yoast_head":"<!-- This site is optimized with the Yoast SEO plugin v17.2 - https:\/\/yoast.com\/wordpress\/plugins\/seo\/ -->\n<title>SS110 Stratos\u00ae - Disemsa<\/title>\n<meta name=\"robots\" content=\"index, follow, max-snippet:-1, max-image-preview:large, max-video-preview:-1\" \/>\n<link rel=\"canonical\" href=\"https:\/\/www.negociocloud.com\/clientes\/disemsa\/producto\/ss110-stratos\/\" \/>\n<meta property=\"og:locale\" content=\"es_ES\" \/>\n<meta property=\"og:type\" content=\"article\" \/>\n<meta property=\"og:title\" content=\"SS110 Stratos\u00ae - Disemsa\" \/>\n<meta property=\"og:description\" content=\"GAFAS DE POLICARBONATO, NYLON\" \/>\n<meta property=\"og:url\" content=\"https:\/\/www.negociocloud.com\/clientes\/disemsa\/producto\/ss110-stratos\/\" \/>\n<meta property=\"og:site_name\" content=\"Disemsa\" \/>\n<meta property=\"og:image\" content=\"https:\/\/www.negociocloud.com\/clientes\/disemsa\/wp-content\/uploads\/2021\/11\/imageedit_15_7419389300.jpg\" \/>\n\t<meta property=\"og:image:width\" content=\"1200\" \/>\n\t<meta property=\"og:image:height\" content=\"1200\" \/>\n<meta name=\"twitter:card\" content=\"summary_large_image\" \/>\n<meta name=\"twitter:label1\" content=\"Tiempo de lectura\" \/>\n\t<meta name=\"twitter:data1\" content=\"1 minuto\" \/>\n<script type=\"application\/ld+json\" class=\"yoast-schema-graph\">{\"@context\":\"https:\/\/schema.org\",\"@graph\":[{\"@type\":\"WebSite\",\"@id\":\"https:\/\/www.negociocloud.com\/clientes\/disemsa\/#website\",\"url\":\"https:\/\/www.negociocloud.com\/clientes\/disemsa\/\",\"name\":\"Disemsa\",\"description\":\"\",\"potentialAction\":[{\"@type\":\"SearchAction\",\"target\":{\"@type\":\"EntryPoint\",\"urlTemplate\":\"https:\/\/www.negociocloud.com\/clientes\/disemsa\/?s={search_term_string}\"},\"query-input\":\"required name=search_term_string\"}],\"inLanguage\":\"es\"},{\"@type\":\"ImageObject\",\"@id\":\"https:\/\/www.negociocloud.com\/clientes\/disemsa\/producto\/ss110-stratos\/#primaryimage\",\"inLanguage\":\"es\",\"url\":\"https:\/\/www.negociocloud.com\/clientes\/disemsa\/wp-content\/uploads\/2021\/11\/imageedit_15_7419389300.jpg\",\"contentUrl\":\"https:\/\/www.negociocloud.com\/clientes\/disemsa\/wp-content\/uploads\/2021\/11\/imageedit_15_7419389300.jpg\",\"width\":1200,\"height\":1200},{\"@type\":\"WebPage\",\"@id\":\"https:\/\/www.negociocloud.com\/clientes\/disemsa\/producto\/ss110-stratos\/#webpage\",\"url\":\"https:\/\/www.negociocloud.com\/clientes\/disemsa\/producto\/ss110-stratos\/\",\"name\":\"SS110 Stratos\\u00ae - Disemsa\",\"isPartOf\":{\"@id\":\"https:\/\/www.negociocloud.com\/clientes\/disemsa\/#website\"},\"primaryImageOfPage\":{\"@id\":\"https:\/\/www.negociocloud.com\/clientes\/disemsa\/producto\/ss110-stratos\/#primaryimage\"},\"datePublished\":\"2021-11-18T01:45:36+00:00\",\"dateModified\":\"2021-11-18T01:45:36+00:00\",\"breadcrumb\":{\"@id\":\"https:\/\/www.negociocloud.com\/clientes\/disemsa\/producto\/ss110-stratos\/#breadcrumb\"},\"inLanguage\":\"es\",\"potentialAction\":[{\"@type\":\"ReadAction\",\"target\":[\"https:\/\/www.negociocloud.com\/clientes\/disemsa\/producto\/ss110-stratos\/\"]}]},{\"@type\":\"BreadcrumbList\",\"@id\":\"https:\/\/www.negociocloud.com\/clientes\/disemsa\/producto\/ss110-stratos\/#breadcrumb\",\"itemListElement\":[{\"@type\":\"ListItem\",\"position\":1,\"name\":\"Portada\",\"item\":\"https:\/\/www.negociocloud.com\/clientes\/disemsa\/\"},{\"@type\":\"ListItem\",\"position\":2,\"name\":\"Tienda\",\"item\":\"https:\/\/www.negociocloud.com\/clientes\/disemsa\/?page_id=7\"},{\"@type\":\"ListItem\",\"position\":3,\"name\":\"SS110 Stratos\\u00ae\"}]}]}<\/script>\n<!-- \/ Yoast SEO plugin. -->","yoast_head_json":{"title":"SS110 Stratos\u00ae - Disemsa","robots":{"index":"index","follow":"follow","max-snippet":"max-snippet:-1","max-image-preview":"max-image-preview:large","max-video-preview":"max-video-preview:-1"},"canonical":"https:\/\/www.negociocloud.com\/clientes\/disemsa\/producto\/ss110-stratos\/","og_locale":"es_ES","og_type":"article","og_title":"SS110 Stratos\u00ae - Disemsa","og_description":"GAFAS DE POLICARBONATO, NYLON","og_url":"https:\/\/www.negociocloud.com\/clientes\/disemsa\/producto\/ss110-stratos\/","og_site_name":"Disemsa","og_image":[{"width":1200,"height":1200,"url":"https:\/\/www.negociocloud.com\/clientes\/disemsa\/wp-content\/uploads\/2021\/11\/imageedit_15_7419389300.jpg","path":"\/home\/ubp33c9ebecr\/public_html\/clientes\/disemsa\/wp-content\/uploads\/2021\/11\/imageedit_15_7419389300.jpg","size":"full","id":2121,"alt":"","pixels":1440000,"type":"image\/jpeg"}],"twitter_card":"summary_large_image","twitter_misc":{"Tiempo de lectura":"1 minuto"},"schema":{"@context":"https:\/\/schema.org","@graph":[{"@type":"WebSite","@id":"https:\/\/www.negociocloud.com\/clientes\/disemsa\/#website","url":"https:\/\/www.negociocloud.com\/clientes\/disemsa\/","name":"Disemsa","description":"","potentialAction":[{"@type":"SearchAction","target":{"@type":"EntryPoint","urlTemplate":"https:\/\/www.negociocloud.com\/clientes\/disemsa\/?s={search_term_string}"},"query-input":"required name=search_term_string"}],"inLanguage":"es"},{"@type":"ImageObject","@id":"https:\/\/www.negociocloud.com\/clientes\/disemsa\/producto\/ss110-stratos\/#primaryimage","inLanguage":"es","url":"https:\/\/www.negociocloud.com\/clientes\/disemsa\/wp-content\/uploads\/2021\/11\/imageedit_15_7419389300.jpg","contentUrl":"https:\/\/www.negociocloud.com\/clientes\/disemsa\/wp-content\/uploads\/2021\/11\/imageedit_15_7419389300.jpg","width":1200,"height":1200},{"@type":"WebPage","@id":"https:\/\/www.negociocloud.com\/clientes\/disemsa\/producto\/ss110-stratos\/#webpage","url":"https:\/\/www.negociocloud.com\/clientes\/disemsa\/producto\/ss110-stratos\/","name":"SS110 Stratos\u00ae - Disemsa","isPartOf":{"@id":"https:\/\/www.negociocloud.com\/clientes\/disemsa\/#website"},"primaryImageOfPage":{"@id":"https:\/\/www.negociocloud.com\/clientes\/disemsa\/producto\/ss110-stratos\/#primaryimage"},"datePublished":"2021-11-18T01:45:36+00:00","dateModified":"2021-11-18T01:45:36+00:00","breadcrumb":{"@id":"https:\/\/www.negociocloud.com\/clientes\/disemsa\/producto\/ss110-stratos\/#breadcrumb"},"inLanguage":"es","potentialAction":[{"@type":"ReadAction","target":["https:\/\/www.negociocloud.com\/clientes\/disemsa\/producto\/ss110-stratos\/"]}]},{"@type":"BreadcrumbList","@id":"https:\/\/www.negociocloud.com\/clientes\/disemsa\/producto\/ss110-stratos\/#breadcrumb","itemListElement":[{"@type":"ListItem","position":1,"name":"Portada","item":"https:\/\/www.negociocloud.com\/clientes\/disemsa\/"},{"@type":"ListItem","position":2,"name":"Tienda","item":"https:\/\/www.negociocloud.com\/clientes\/disemsa\/?page_id=7"},{"@type":"ListItem","position":3,"name":"SS110 Stratos\u00ae"}]}]}},"_links":{"self":[{"href":"https:\/\/www.negociocloud.com\/clientes\/disemsa\/wp-json\/wp\/v2\/product\/2113"}],"collection":[{"href":"https:\/\/www.negociocloud.com\/clientes\/disemsa\/wp-json\/wp\/v2\/product"}],"about":[{"href":"https:\/\/www.negociocloud.com\/clientes\/disemsa\/wp-json\/wp\/v2\/types\/product"}],"replies":[{"embeddable":true,"href":"https:\/\/www.negociocloud.com\/clientes\/disemsa\/wp-json\/wp\/v2\/comments?post=2113"}],"wp:featuredmedia":[{"embeddable":true,"href":"https:\/\/www.negociocloud.com\/clientes\/disemsa\/wp-json\/wp\/v2\/media\/2121"}],"wp:attachment":[{"href":"https:\/\/www.negociocloud.com\/clientes\/disemsa\/wp-json\/wp\/v2\/media?parent=2113"}],"wp:term":[{"taxonomy":"product_cat","embeddable":true,"href":"https:\/\/www.negociocloud.com\/clientes\/disemsa\/wp-json\/wp\/v2\/product_cat?post=2113"},{"taxonomy":"product_tag","embeddable":true,"href":"https:\/\/www.negociocloud.com\/clientes\/disemsa\/wp-json\/wp\/v2\/product_tag?post=2113"}],"curies":[{"name":"wp","href":"https:\/\/api.w.org\/{rel}","templated":true}]}}